{"id":64,"date":"2019-06-04T18:00:28","date_gmt":"2019-06-04T16:00:28","guid":{"rendered":"http:\/\/www.pinalba.it\/?page_id=64"},"modified":"2019-06-07T17:09:23","modified_gmt":"2019-06-07T15:09:23","slug":"privacy-policy","status":"publish","type":"page","link":"https:\/\/www.pinalba.it\/index.php\/privacy-policy\/","title":{"rendered":"Privacy Policy"},"content":{"rendered":"<h1><strong>GDPR E INFORMATIVA COOKIES<\/strong><\/h1>\n<p>Informativa ai sensi dell\u2019art. 13 del D. Lgs. 196\/2003 e art. 13 del regolamento (UE) 2016\/679 \u2013 GDPR e Informativa trattamento cookies<br \/>\nIn questa sezione riportiamo l\u2019informativa generali circa le modalit\u00e0 di gestione dei siti in riferimento al trattamento dei dati personali degli utenti che lo consultano, al trattamento dei Cookies e al trattamento dei dati degli utenti che sottoscrivono il servizio di newsletter e richiesta informazioni.<\/p>\n<p>Si tratta di un\u2019informativa che \u00e8 resa a coloro che interagiscono con i servizi web di\u00a0<b> PINALBA.IT<\/b>, accessibili per via telematica a partire dagli indirizzi: http\/\/www.pinalba.it<\/p>\n<p>La Politica di Privacy a cui <b>PINALBA<\/b><strong>.IT<\/strong>\u00a0fa riferimento per la protezione dei dati personali si basa sui principi di liceit\u00e0, correttezza e trasparenza, sicurezza e responsabilizzazione, minimizzazione, esattezza, limitazioni delle finalit\u00e0, limitazione della conservazione, esattezza, integrit\u00e0 e riservatezza<\/p>\n<p>Ai sensi del Decreto Legislativo 30 giugno 2003 n. 196 (di seguito il Codice) e del Regolamento ( UE) 2016\/679 (di seguito il GDPR) <b>PINALBA<\/b><strong>.IT\u00a0<\/strong>desidera fornirLe le informazioni che seguono in ordine al trattamento dei Suoi dati personali, restando inteso che visitando il Sito, Lei prende atto ed accetta, in quanto occorra, le procedure descritte in questa Informativa sulla privacy.<\/p>\n<p><strong>Finalit\u00e0 e base giuridiche del trattamento<\/strong><br \/>\nIl trattamento dei dati personali da Lei forniti e\/o desunti con la navigazione nel sito \u00e8 diretto al raggiungimento delle seguenti finalit\u00e0:<\/p>\n<ul>\n<li>Consentire l\u2019accesso e la navigazione al sito nonch\u00e9 elaborare statistiche anonime sull&#8217;uso al sito, per controllare il corretto funzionamento dello stesso e per l\u2019accertamento di eventuali responsabilit\u00e0 in caso di illeciti commessi durante la navigazione;<\/li>\n<li>Fornire il servizio di registrazione al sito<\/li>\n<li>Fornire i servizi offerti da <b>PINALBA<\/b><strong>.IT<\/strong>.<\/li>\n<li>Fornire informazioni per richieste su specifici prodotti e\/o servizi<\/li>\n<li>Fornire il servizio di sottoscrizione per la ricezione periodica di newsletter informative<\/li>\n<\/ul>\n<p>La liceit\u00e0 delle suddette finalit\u00e0 \u00e8 basata sul consenso esplicito e libero dell\u2019interessato. Pertanto, i dati personali inseriti all\u2019interno del sito verranno raccolti solo previa autorizzazione esplicita dell\u2019utente operata tramite spunta di un carattere di controllo (check box) corredato da una chiara descrizione dell\u2019autorizzazione richiesta e da un riferimento (link) alla presente Informativa.<\/p>\n<p><strong>Informativa trattamento cookies<\/strong><br \/>\nLa Sua Privacy <b>PINALBA<\/b><strong>.IT<\/strong>\u00a0si impegna a proteggere le Sue informazioni personali e questo documento si propone di aiutarLa a capire quali sono le informazioni che potremmo raccogliere su di Lei e come le usiamo.<\/p>\n<p><strong>Che cosa sono i Cookies e come li utilizziamo<\/strong><br \/>\nUn cookie \u00e8 un semplice file di testo che viene memorizzato sul Suo computer o dispositivo mobile dal server di un sito web e che solo quel server sar\u00e0 in grado di recuperare o leggerne il contenuto. Esso contiene alcune informazioni anonime e permette al sito web di ricordare alcuni dati.<\/p>\n<p><strong>Perch\u00e9 usiamo i Cookies<\/strong><br \/>\n<strong><b>PINALBA<\/b>.IT<\/strong>\u00a0utilizza i cookies per consentire ai suoi sistemi di riconoscere il Suo dispositivo e per offrirLe talune funzionalit\u00e0, tra cui agevolare la navigazione all\u2019interno del sito e la sua corretta fruizione, facilitare l\u2019accesso ai servizi che richiedono l\u2019autenticazione, nonch\u00e9 per conoscere quali aree del sito sono state visitate. I cookie utilizzati nei siti sono sia persistenti (rimangono cio\u00e8 memorizzati, fino alla loro scadenza, sul disco rigido del personal computer dell\u2019utente\/visitatore) che di sessione (non vengono cio\u00e8 memorizzati in modo persistente sul computer dell\u2019utente\/visitatore e svaniscono con la chiusura del browser).<\/p>\n<p><strong><b>PINALBA<\/b>.IT<\/strong>\u00a0utilizza i cookies anche per altri scopi, tra cui, identificarla al momento dell\u2019autenticazione al sito.\u00a0In questo modo:<\/p>\n<ul>\n<li><strong><b>PINALBA<\/b>.IT<\/strong>\u00a0pu\u00f2 fornire raccomandazioni sui prodotti, visualizzare contenuti personalizzati, mettere a disposizione altre funzioni e servizi personalizzati;<\/li>\n<li>Fornire contenuti, inclusa la pubblicit\u00e0, pertinenti ai Suoi interessi al sito.<\/li>\n<li>La pubblicit\u00e0 definita in base ai Suoi interessi \u00e8 soggetta alle Sue preferenze;<\/li>\n<li>Tenere traccia delle preferenze da Lei indicate;<\/li>\n<li>Tenere traccia di articoli che sono salvati nel Suo carrello.<\/li>\n<\/ul>\n<p><strong>I diversi tipi di Cookies<\/strong><\/p>\n<ul>\n<li>Cookie tecnici<\/li>\n<li>Cookie di navigazione o di sessione: utilizzati al solo fine di effettuare la trasmissione di una comunicazione su una rete di comunicazione elettronica, o necessari a fornire un servizio esplicitamente richiesto dall\u2019utente;<\/li>\n<li>Analytics: se utilizzati direttamente dal gestore del sito per raccogliere informazioni in forma aggregata sul numero di utenti e su come questi visitano i siti;<\/li>\n<li>Cookie di funzionalit\u00e0: permettono all\u2019utente la navigazione in funzione di una serie di criteri selezionati (ad es.: la lingua) al fine di migliorare il servizio.<\/li>\n<\/ul>\n<p><strong>Cookie di profilazione<\/strong><br \/>\nVolti a creare profili relativi all\u2019utente ed utilizzati al fine di inviare messaggi pubblicitari in linea con le preferenze manifestate dallo stesso nell\u2019ambito della navigazione in rete. Ecco una lista di cookies utilizzati su questi siti:<br \/>\n\u2013 Google Analytics<br \/>\n\u2013 Google Map<br \/>\n\u2013 Pixel Facebook<br \/>\n\u2013 Pixel Facebook Remargeting<\/p>\n<p><strong>Come fare a controllare i Cookies<\/strong><br \/>\nLa sezione di \u201cGuida\u201d del Suo browser dovrebbe essere in grado di aiutarLa con la gestione delle impostazioni dei cookies. Se non desidera ricevere cookies, \u00e8 possibile modificare le impostazioni del browser in modo che avvisi su quando essi vengono inviati. \u00c8 anche possibile eliminare in qualsiasi momento i cookies che sono gi\u00e0 stati memorizzati, tramite le impostazioni del browser. \u00c8 possibile scegliere se accettare o meno i cookies che vengono impostati dai nostri siti nella pagina di impostazioni dei cookies. La informiamo che la maggior parte dei nostri siti web lavora senza l\u2019utilizzo di cookies, ma che se si sceglie di disabilitare alcuni di essi, si perdono caratteristiche e funzionalit\u00e0.<\/p>\n<p><strong>Deve accettare i cookie per poter visitare il sito?<\/strong><br \/>\nNo, non necessariamente. \u00c8 possibile disabilitare i cookie, compresi quelli utilizzati dal nostro sito web, semplicemente disattivando la funzione dei cookie nel proprio browser o non dandone esplicito consenso alluso. Tuttavia, alcune parti del sito, cos\u00ec come di altre pagine web, potrebbero non funzionare correttamente una volta disattivata tale funzione. Ad esempio in caso di accesso all\u2019area riservata, il sito web potrebbe non procedere in assenza dell\u2019autenticazione fornita dai cookie.<\/p>\n<p><strong>Dove pu\u00f2 trovare maggiori informazioni sui cookies<\/strong><br \/>\n\u2013 Garante Privacy<br \/>\n\u2013 Organizzazioni indipendenti<\/p>\n<p><strong>Modalit\u00e0 di trattamento, periodo di conservazione, e Misure di sicurezza<\/strong><br \/>\nIl trattamento dei Suoi dati personali potr\u00e0 consistere, oltre che nella loro raccolta, nella loro registrazione, conservazione, modificazione, comunicazione, cancellazione. Il trattamento, inoltre, potr\u00e0 essere effettuato con o senza l\u2019utilizzo di strumenti elettronici da personale appositamente incaricato.<br \/>\nLa conservazione dei dati avverr\u00e0 in forma cartacea e\/o elettronica\/informatica\/ottica e per il tempo strettamente necessario al soddisfacimento delle finalit\u00e0 di cui al primo punto, nel rispetto della normativa vigente. Il periodo di conservazione \u00e8 indeterminato in quanto legato dalla volont\u00e0 dell\u2019utente di rimanere registrato al sito per usufruire dei servizi forniti. In relazione ai Suoi dati personali <b>PINALBA<\/b><strong>.IT<\/strong>\u00a0adotter\u00e0 tutti gli strumenti idonei a garantirne la sicurezza e la riservatezza, in conformit\u00e0 a quanto previsto dal Codice e dal GDPR. In particolare saranno adottate tutte le misure tecniche, informatiche, organizzative, logistiche e procedurali di sicurezza, come stabilite dal Codice e dal GDPR, in modo che sia garantito il livello minimo di protezione dei dati previsto dalla normativa vigente. Inoltre, le metodologie applicate garantiscono che l\u2019accesso ai dati sia consentito alle sole persone incaricate del trattamento da parte di\u00a0<strong>RANTUCCI.IT<\/strong>\u00a0.<\/p>\n<p><strong>Conferimento dati<\/strong><br \/>\nPer quanto concerne il conferimento dei dati personali La informiamo che: i sistemi informatici e le procedure software preposte al funzionamento del sito acquisiscono, nel corso del loro normale esercizio, alcuni dati personali la cui trasmissione \u00e8 implicita nell\u2019uso dei protocolli di comunicazione di internet; il mero accesso al sito comporta pertanto l\u2019acquisizione da parte di<br \/>\n<strong><b>PINALBA<\/b>.IT<\/strong>\u00a0di dati a Lei relativi; taluni dati personali a Lei relativi sono obbligatori ai fini della registrazione nel sito ed il rifiuto da parte Sua di fornirli non consente di completare la procedura di registrazione.<\/p>\n<p><strong>Comunicazione e diffusione dei dati<\/strong><br \/>\nI dati personali raccolti per il raggiungimento delle finalit\u00e0 di cui al punto 1 che precede non saranno oggetto di comunicazione n\u00e9 diffusione a terzi.<br \/>\nPer quanto riguarda la finalit\u00e0 relativa alla fornitura del servizio newsletter e per la raccolta di dati di monitoraggio di accesso al sito <b>PINALBA<\/b><strong>.IT<\/strong>\u00a0comunica che i dati personali relativi a tale trattamenti saranno trasferiti rispettivamente presso i fornitori MailChimp e Google Analytics localizzati in un paese terzo extra-UE. MailChimp e Google Analytics aderiscono e hanno certificato la piena conformit\u00e0 allo Scudo UE-USA per la Privacy (EU-U.S. Privacy Shield Framework) riconosciuto dalla Commissione Europea che ha rilasciato una relativa decisione di adeguatezza. Pertanto il trattamento dei dati eseguito presso tali fornitori \u00e8 pienamente conforme al GDPR.<\/p>\n<p><strong>Diritti dell\u2019interessato<\/strong><br \/>\nAi sensi della legge, Lei ha diritto, tra l\u2019altro, di:<\/p>\n<ul>\n<li>Ottenere conferma dell\u2019esistenza o meno di dati personali che La riguardano e la loro comunicazione in forma intelligibile;<\/li>\n<li>Ottenere, a cura del Titolare o del Responsabile del trattamento, come di seguito individuati:\n<ul>\n<li>Indicazioni sull\u2019origine dei dati personali, sulle finalit\u00e0 e sulle modalit\u00e0 del trattamento, sulla logica applicata in caso di trattamento effettuato con l\u2019ausilio di strumenti elettronici;<\/li>\n<li>Indicazione degli estremi identificativi del Titolare del trattamento e del\/i Responsabile\/i, nonch\u00e9, eventualmente, del rappresentante designato da un soggetto straniero al trattamento dei dati in Italia;<\/li>\n<li>Indicazioni circa i soggetti o le categorie di soggetti a cui i dati possono essere comunicati o che possono venire a conoscenza degli stessi in qualit\u00e0 di rappresentante designato sul territorio dello stato, di responsabili o incaricati;<\/li>\n<\/ul>\n<\/li>\n<li>Ottenere:\n<ul>\n<li>L\u2019aggiornamento, la rettificazione, l\u2019esportazione o l\u2019integrazione dati che La riguardano;<\/li>\n<li>La cancellazione, la trasformazione in forma anonima o il blocco dei dati trattati in violazione di legge, compresi quelli di cui non \u00e8 necessaria la conservazione in relazione agli scopi per i quali i dati sono stati raccolti o successivamente trattati;<\/li>\n<li>L\u2019attestazione del fatto che le operazioni che sono precedentemente portate a conoscenza, anche per quanto riguarda il loro contenuto, di coloro ai quali i dati sono stati comunicati o diffusi, salvo il caso in cui tale adempimento risulti impossibile o comporti l\u2019impiego di mezzi manifestamente sproporzionati rispetto al diritto tutelato;<\/li>\n<\/ul>\n<\/li>\n<\/ul>\n<p><strong>Opporsi, in tutto o in parte:<\/strong><\/p>\n<ul>\n<li>Per motivi legittimi, al trattamento dei dati che La riguardano, ancorch\u00e9 pertinenti allo scopo della raccolta;<\/li>\n<li>Al trattamento dei dati personali che La riguardano, previsto ai fini di informazione commerciale o di invio di materiale pubblicitario o di vendita diretta ovvero per il compimento di ricerche di mercato o di comunicazione commerciale. I diritti che precedono, possono essere esercitati sia direttamente, sia tramite un Suo incaricato, nelle forme previste dalla legge. Per esercitare i diritti sopra riportati, dovr\u00e0 effettuare richiesta scritta, tramite posta ordinaria o elettronica, al Titolare del trattamento dei dati.<\/li>\n<\/ul>\n<p><strong>Titolare del trattamento dei dati<\/strong><br \/>\nTitolare del trattamento \u00e8 la scrivente <b>PINALBA<\/b><strong>.IT\u00a0<\/strong>con sede legale in Viale della Riviera, 134 \u2013 65100 Pescara (PE). Ogni comunicazione, richiesta o reclamo pu\u00f2 essere inoltrato, per posta ordinaria, all\u2019attenzione dell\u2019Ufficio Privacy o, per posta elettronica, all\u2019indirizzo: <strong><a href=\"mailto:privacy@pinalba.it\">privacy@pinalba.it<\/a><\/strong><\/p>\n<p><strong>Minori<\/strong><br \/>\nIl sito e i Servizi del Titolare non sono destinati a minori di 18 anni e il Titolare non raccoglie intenzionalmente informazioni personali riferite ai minori. Nel caso in cui informazioni su minori fossero involontariamente registrate, il Titolare le canceller\u00e0 in modo tempestivo, su richiesta degli utenti.<\/p>\n<p><strong>Modifiche alla presente Informativa<\/strong><br \/>\nLa presente Informativa pu\u00f2 subire variazioni. Si consiglia, quindi, di controllare regolarmente questa Informativa e di riferirsi alla versione pi\u00f9 aggiornata<\/p>\n","protected":false},"excerpt":{"rendered":"<p>GDPR E INFORMATIVA COOKIES Informativa ai sensi dell\u2019art. 13 del D. Lgs. 196\/2003 e art. 13 del regolamento (UE) 2016\/679 \u2013 GDPR e Informativa trattamento cookies In questa sezione riportiamo l\u2019informativa generali circa le&#46;&#46;&#46;<\/p>\n","protected":false},"author":1,"featured_media":0,"parent":0,"menu_order":0,"comment_status":"closed","ping_status":"closed","template":"","meta":{"footnotes":""},"class_list":["post-64","page","type-page","status-publish","hentry"],"_links":{"self":[{"href":"https:\/\/www.pinalba.it\/index.php\/wp-json\/wp\/v2\/pages\/64","targetHints":{"allow":["GET"]}}],"collection":[{"href":"https:\/\/www.pinalba.it\/index.php\/wp-json\/wp\/v2\/pages"}],"about":[{"href":"https:\/\/www.pinalba.it\/index.php\/wp-json\/wp\/v2\/types\/page"}],"author":[{"embeddable":true,"href":"https:\/\/www.pinalba.it\/index.php\/wp-json\/wp\/v2\/users\/1"}],"replies":[{"embeddable":true,"href":"https:\/\/www.pinalba.it\/index.php\/wp-json\/wp\/v2\/comments?post=64"}],"version-history":[{"count":4,"href":"https:\/\/www.pinalba.it\/index.php\/wp-json\/wp\/v2\/pages\/64\/revisions"}],"predecessor-version":[{"id":204,"href":"https:\/\/www.pinalba.it\/index.php\/wp-json\/wp\/v2\/pages\/64\/revisions\/204"}],"wp:attachment":[{"href":"https:\/\/www.pinalba.it\/index.php\/wp-json\/wp\/v2\/media?parent=64"}],"curies":[{"name":"wp","href":"https:\/\/api.w.org\/{rel}","templated":true}]}}